{"id":27,"date":"2022-03-20T22:28:50","date_gmt":"2022-03-20T22:28:50","guid":{"rendered":"http:\/\/poltra.eu\/?page_id=27"},"modified":"2022-04-02T17:05:24","modified_gmt":"2022-04-02T15:05:24","slug":"strona-glowna","status":"publish","type":"page","link":"https:\/\/poltra.eu\/","title":{"rendered":"Dzie\u0144 dobry!"},"content":{"rendered":"\n<p>Serdecznie witamy na stronie internetowej firmy <strong>POLTRA<\/strong>. Firmy, kt\u00f3ra zrodzi\u0142a si\u0119 z pasji do transportu. Prosz\u0119 sprawd\u017a nasz\u0105 ofert\u0119 i skontaktuj si\u0119 z nami je\u015bli Tw\u00f3j biznes szuka us\u0142ug transportowych na najwy\u017cszym poziomie.<\/p>\n","protected":false},"excerpt":{"rendered":"<p>Serdecznie witamy na stronie internetowej firmy POLTRA. Firmy, kt\u00f3ra zrodzi\u0142a si\u0119 z pasji do transportu. Prosz\u0119 sprawd\u017a nasz\u0105 ofert\u0119 i skontaktuj si\u0119 z nami je\u015bli Tw\u00f3j biznes szuka us\u0142ug transportowych na najwy\u017cszym poziomie.<\/p>\n","protected":false},"author":1,"featured_media":0,"parent":0,"menu_order":0,"comment_status":"closed","ping_status":"closed","template":"","meta":{"footnotes":""},"_links":{"self":[{"href":"https:\/\/poltra.eu\/index.php?rest_route=\/wp\/v2\/pages\/27"}],"collection":[{"href":"https:\/\/poltra.eu\/index.php?rest_route=\/wp\/v2\/pages"}],"about":[{"href":"https:\/\/poltra.eu\/index.php?rest_route=\/wp\/v2\/types\/page"}],"author":[{"embeddable":true,"href":"https:\/\/poltra.eu\/index.php?rest_route=\/wp\/v2\/users\/1"}],"replies":[{"embeddable":true,"href":"https:\/\/poltra.eu\/index.php?rest_route=%2Fwp%2Fv2%2Fcomments&post=27"}],"version-history":[{"count":4,"href":"https:\/\/poltra.eu\/index.php?rest_route=\/wp\/v2\/pages\/27\/revisions"}],"predecessor-version":[{"id":105,"href":"https:\/\/poltra.eu\/index.php?rest_route=\/wp\/v2\/pages\/27\/revisions\/105"}],"wp:attachment":[{"href":"https:\/\/poltra.eu\/index.php?rest_route=%2Fwp%2Fv2%2Fmedia&parent=27"}],"curies":[{"name":"wp","href":"https:\/\/api.w.org\/{rel}","templated":true}]}}